{"id":1747,"date":"2022-05-06T09:53:33","date_gmt":"2022-05-06T09:53:33","guid":{"rendered":"https:\/\/jip-test.bbv-demo.ch\/?page_id=1718"},"modified":"2024-02-06T03:50:02","modified_gmt":"2024-02-06T03:50:02","slug":"deleted","status":"publish","type":"page","link":"https:\/\/home.jointcreate.com.tescht.com\/fr_ch\/deleted\/","title":{"rendered":"Deleted"},"content":{"rendered":"<div data-elementor-type=\"wp-page\" data-elementor-id=\"1747\" class=\"elementor elementor-1747\" data-elementor-post-type=\"page\">\n\t\t\t\t\t\t<section class=\"elementor-section elementor-top-section elementor-element elementor-element-23b5bcf elementor-section-boxed elementor-section-height-default elementor-section-height-default\" data-id=\"23b5bcf\" data-element_type=\"section\">\n\t\t\t\t\t\t<div class=\"elementor-container elementor-column-gap-default\">\n\t\t\t\t\t<div class=\"elementor-column elementor-col-100 elementor-top-column elementor-element elementor-element-70d9dbb\" data-id=\"70d9dbb\" data-element_type=\"column\">\n\t\t\t<div class=\"elementor-widget-wrap elementor-element-populated\">\n\t\t\t\t\t\t<div class=\"elementor-element elementor-element-bdf2e3d elementor-widget elementor-widget-image\" data-id=\"bdf2e3d\" data-element_type=\"widget\" data-widget_type=\"image.default\">\n\t\t\t\t<div class=\"elementor-widget-container\">\n\t\t\t<style>\/*! elementor - v3.21.0 - 08-05-2024 *\/\n.elementor-widget-image{text-align:center}.elementor-widget-image a{display:inline-block}.elementor-widget-image a img[src$=\".svg\"]{width:48px}.elementor-widget-image img{vertical-align:middle;display:inline-block}<\/style>\t\t\t\t\t\t\t\t\t\t<img decoding=\"async\" src=\"https:\/\/jip-test.bbv-demo.ch\/wp-content\/uploads\/2022\/05\/Group-17756@3x.png\" title=\"\" alt=\"\" loading=\"lazy\" \/>\t\t\t\t\t\t\t\t\t\t\t\t\t<\/div>\n\t\t\t\t<\/div>\n\t\t\t\t\t<\/div>\n\t\t<\/div>\n\t\t\t\t\t<\/div>\n\t\t<\/section>\n\t\t\t\t<section class=\"elementor-section elementor-top-section elementor-element elementor-element-7b13be4 elementor-section-boxed elementor-section-height-default elementor-section-height-default\" data-id=\"7b13be4\" data-element_type=\"section\">\n\t\t\t\t\t\t<div class=\"elementor-container elementor-column-gap-default\">\n\t\t\t\t\t<div class=\"elementor-column elementor-col-25 elementor-top-column elementor-element elementor-element-8f3c82e\" data-id=\"8f3c82e\" data-element_type=\"column\">\n\t\t\t<div class=\"elementor-widget-wrap\">\n\t\t\t\t\t\t\t<\/div>\n\t\t<\/div>\n\t\t\t\t<div class=\"elementor-column elementor-col-50 elementor-top-column elementor-element elementor-element-9b654cd\" data-id=\"9b654cd\" data-element_type=\"column\">\n\t\t\t<div class=\"elementor-widget-wrap elementor-element-populated\">\n\t\t\t\t\t\t<div class=\"elementor-element elementor-element-7f526b5 elementor-widget elementor-widget-text-editor\" data-id=\"7f526b5\" data-element_type=\"widget\" data-widget_type=\"text-editor.default\">\n\t\t\t\t<div class=\"elementor-widget-container\">\n\t\t\t<style>\/*! elementor - v3.21.0 - 08-05-2024 *\/\n.elementor-widget-text-editor.elementor-drop-cap-view-stacked .elementor-drop-cap{background-color:#69727d;color:#fff}.elementor-widget-text-editor.elementor-drop-cap-view-framed .elementor-drop-cap{color:#69727d;border:3px solid;background-color:transparent}.elementor-widget-text-editor:not(.elementor-drop-cap-view-default) .elementor-drop-cap{margin-top:8px}.elementor-widget-text-editor:not(.elementor-drop-cap-view-default) .elementor-drop-cap-letter{width:1em;height:1em}.elementor-widget-text-editor .elementor-drop-cap{float:left;text-align:center;line-height:1;font-size:50px}.elementor-widget-text-editor .elementor-drop-cap-letter{display:inline-block}<\/style>\t\t\t\t<p class=\" translation-block\">Cet \u00e9l\u00e9ment a \u00e9t\u00e9 supprim\u00e9 et n'est plus disponible sur la communaut\u00e9 <a href=\"https:\/\/home.jointcreate.com.tescht.com\/fr_ch\/\" target=\"_self\">JIP Demo EN<\/a><\/p>\t\t\t\t\t\t<\/div>\n\t\t\t\t<\/div>\n\t\t\t\t\t<\/div>\n\t\t<\/div>\n\t\t\t\t<div class=\"elementor-column elementor-col-25 elementor-top-column elementor-element elementor-element-4f52deb\" data-id=\"4f52deb\" data-element_type=\"column\">\n\t\t\t<div class=\"elementor-widget-wrap\">\n\t\t\t\t\t\t\t<\/div>\n\t\t<\/div>\n\t\t\t\t\t<\/div>\n\t\t<\/section>\n\t\t\t\t<section class=\"elementor-section elementor-top-section elementor-element elementor-element-37df4d9 elementor-section-boxed elementor-section-height-default elementor-section-height-default\" data-id=\"37df4d9\" data-element_type=\"section\">\n\t\t\t\t\t\t<div class=\"elementor-container elementor-column-gap-default\">\n\t\t\t\t\t<div class=\"elementor-column elementor-col-100 elementor-top-column elementor-element elementor-element-b63931b\" data-id=\"b63931b\" data-element_type=\"column\">\n\t\t\t<div class=\"elementor-widget-wrap elementor-element-populated\">\n\t\t\t\t\t\t<div class=\"elementor-element elementor-element-3900517 elementor-align-center elementor-widget elementor-widget-button\" data-id=\"3900517\" data-element_type=\"widget\" data-widget_type=\"button.default\">\n\t\t\t\t<div class=\"elementor-widget-container\">\n\t\t\t\t\t<div class=\"elementor-button-wrapper\">\n\t\t\t<a class=\"elementor-button elementor-button-link elementor-size-md\" href=\"https:\/\/home.jointcreate.com.tescht.com\/fr_ch\/messages\/\">\n\t\t\t\t\t\t<span class=\"elementor-button-content-wrapper\">\n\t\t\t\t\t\t\t\t\t<span class=\"elementor-button-text\">BACK TO HOMEPAGE<\/span>\n\t\t\t\t\t<\/span>\n\t\t\t\t\t<\/a>\n\t\t<\/div>\n\t\t\t\t<\/div>\n\t\t\t\t<\/div>\n\t\t\t\t\t<\/div>\n\t\t<\/div>\n\t\t\t\t\t<\/div>\n\t\t<\/section>\n\t\t\t\t<\/div>","protected":false},"excerpt":{"rendered":"<p>This item has been deleted and is no longer available on JIP Demo EN community BACK TO HOMEPAGE<\/p>","protected":false},"author":2,"featured_media":0,"parent":0,"menu_order":0,"comment_status":"closed","ping_status":"closed","template":"page-templates\/landing-page.php","meta":{"footnotes":""},"aioseo_notices":[],"yoast_head":"<!-- This site is optimized with the Yoast SEO plugin v22.7 - https:\/\/yoast.com\/wordpress\/plugins\/seo\/ -->\n<title>Deleted - jointcreate.com<\/title>\n<meta name=\"robots\" content=\"index, follow, max-snippet:-1, max-image-preview:large, max-video-preview:-1\" \/>\n<link rel=\"canonical\" href=\"https:\/\/home.jointcreate.com.tescht.com\/fr_ch\/deleted\/\" \/>\n<meta property=\"og:locale\" content=\"fr_FR\" \/>\n<meta property=\"og:type\" content=\"article\" \/>\n<meta property=\"og:title\" content=\"Deleted - jointcreate.com\" \/>\n<meta property=\"og:description\" content=\"This item has been deleted and is no longer available on JIP Demo EN community BACK TO HOMEPAGE\" \/>\n<meta property=\"og:url\" content=\"https:\/\/home.jointcreate.com.tescht.com\/fr_ch\/deleted\/\" \/>\n<meta property=\"og:site_name\" content=\"jointcreate.com\" \/>\n<meta property=\"article:modified_time\" content=\"2024-02-06T03:50:02+00:00\" \/>\n<meta property=\"og:image\" content=\"https:\/\/home.jointcreate.com.tescht.com\/wp-content\/uploads\/2023\/02\/logo_rectangle-300x83-1.png\" \/>\n<meta name=\"twitter:card\" content=\"summary_large_image\" \/>\n<meta name=\"twitter:label1\" content=\"Dur\u00e9e de lecture estim\u00e9e\" \/>\n\t<meta name=\"twitter:data1\" content=\"1 minute\" \/>\n<script type=\"application\/ld+json\" class=\"yoast-schema-graph\">{\"@context\":\"https:\/\/schema.org\",\"@graph\":[{\"@type\":\"WebPage\",\"@id\":\"https:\/\/home.jointcreate.com.tescht.com\/deleted\/\",\"url\":\"https:\/\/home.jointcreate.com.tescht.com\/deleted\/\",\"name\":\"Deleted - jointcreate.com\",\"isPartOf\":{\"@id\":\"https:\/\/home.jointcreate.com.tescht.com\/fr_ch\/#website\"},\"primaryImageOfPage\":{\"@id\":\"https:\/\/home.jointcreate.com.tescht.com\/deleted\/#primaryimage\"},\"image\":{\"@id\":\"https:\/\/home.jointcreate.com.tescht.com\/deleted\/#primaryimage\"},\"thumbnailUrl\":\"https:\/\/jip-test.bbv-demo.ch\/wp-content\/uploads\/2022\/05\/Group-17756@3x.png\",\"datePublished\":\"2022-05-06T09:53:33+00:00\",\"dateModified\":\"2024-02-06T03:50:02+00:00\",\"breadcrumb\":{\"@id\":\"https:\/\/home.jointcreate.com.tescht.com\/deleted\/#breadcrumb\"},\"inLanguage\":\"fr-FR\",\"potentialAction\":[{\"@type\":\"ReadAction\",\"target\":[\"https:\/\/home.jointcreate.com.tescht.com\/deleted\/\"]}]},{\"@type\":\"ImageObject\",\"inLanguage\":\"fr-FR\",\"@id\":\"https:\/\/home.jointcreate.com.tescht.com\/deleted\/#primaryimage\",\"url\":\"https:\/\/jip-test.bbv-demo.ch\/wp-content\/uploads\/2022\/05\/Group-17756@3x.png\",\"contentUrl\":\"https:\/\/jip-test.bbv-demo.ch\/wp-content\/uploads\/2022\/05\/Group-17756@3x.png\"},{\"@type\":\"BreadcrumbList\",\"@id\":\"https:\/\/home.jointcreate.com.tescht.com\/deleted\/#breadcrumb\",\"itemListElement\":[{\"@type\":\"ListItem\",\"position\":1,\"name\":\"Home\",\"item\":\"https:\/\/home.jointcreate.com.tescht.com\/en_us\/\"},{\"@type\":\"ListItem\",\"position\":2,\"name\":\"Deleted\"}]},{\"@type\":\"WebSite\",\"@id\":\"https:\/\/home.jointcreate.com.tescht.com\/fr_ch\/#website\",\"url\":\"https:\/\/home.jointcreate.com.tescht.com\/fr_ch\/\",\"name\":\"jointcreate.com\",\"description\":\"Welcome to the Digital Innovation Park - Create Partnerships and Successful Ventures!\",\"publisher\":{\"@id\":\"https:\/\/home.jointcreate.com.tescht.com\/fr_ch\/#organization\"},\"potentialAction\":[{\"@type\":\"SearchAction\",\"target\":{\"@type\":\"EntryPoint\",\"urlTemplate\":\"https:\/\/home.jointcreate.com.tescht.com\/fr_ch\/?s={search_term_string}\"},\"query-input\":\"required name=search_term_string\"}],\"inLanguage\":\"fr-FR\"},{\"@type\":\"Organization\",\"@id\":\"https:\/\/home.jointcreate.com.tescht.com\/fr_ch\/#organization\",\"name\":\"jointcreate.com\",\"url\":\"https:\/\/home.jointcreate.com.tescht.com\/fr_ch\/\",\"logo\":{\"@type\":\"ImageObject\",\"inLanguage\":\"fr-FR\",\"@id\":\"https:\/\/home.jointcreate.com.tescht.com\/fr_ch\/#\/schema\/logo\/image\/\",\"url\":\"https:\/\/home.jointcreate.com.tescht.com\/wp-content\/uploads\/2023\/02\/logo_rectangle-300x83-1.png\",\"contentUrl\":\"https:\/\/home.jointcreate.com.tescht.com\/wp-content\/uploads\/2023\/02\/logo_rectangle-300x83-1.png\",\"width\":300,\"height\":83,\"caption\":\"jointcreate.com\"},\"image\":{\"@id\":\"https:\/\/home.jointcreate.com.tescht.com\/fr_ch\/#\/schema\/logo\/image\/\"}}]}<\/script>\n<!-- \/ Yoast SEO plugin. -->","yoast_head_json":{"title":"Deleted - jointcreate.com","robots":{"index":"index","follow":"follow","max-snippet":"max-snippet:-1","max-image-preview":"max-image-preview:large","max-video-preview":"max-video-preview:-1"},"canonical":"https:\/\/home.jointcreate.com.tescht.com\/fr_ch\/deleted\/","og_locale":"fr_FR","og_type":"article","og_title":"Deleted - jointcreate.com","og_description":"This item has been deleted and is no longer available on JIP Demo EN community BACK TO HOMEPAGE","og_url":"https:\/\/home.jointcreate.com.tescht.com\/fr_ch\/deleted\/","og_site_name":"jointcreate.com","article_modified_time":"2024-02-06T03:50:02+00:00","og_image":[{"url":"https:\/\/home.jointcreate.com.tescht.com\/wp-content\/uploads\/2023\/02\/logo_rectangle-300x83-1.png"}],"twitter_card":"summary_large_image","twitter_misc":{"Dur\u00e9e de lecture estim\u00e9e":"1 minute"},"schema":{"@context":"https:\/\/schema.org","@graph":[{"@type":"WebPage","@id":"https:\/\/home.jointcreate.com.tescht.com\/deleted\/","url":"https:\/\/home.jointcreate.com.tescht.com\/deleted\/","name":"Deleted - jointcreate.com","isPartOf":{"@id":"https:\/\/home.jointcreate.com.tescht.com\/fr_ch\/#website"},"primaryImageOfPage":{"@id":"https:\/\/home.jointcreate.com.tescht.com\/deleted\/#primaryimage"},"image":{"@id":"https:\/\/home.jointcreate.com.tescht.com\/deleted\/#primaryimage"},"thumbnailUrl":"https:\/\/jip-test.bbv-demo.ch\/wp-content\/uploads\/2022\/05\/Group-17756@3x.png","datePublished":"2022-05-06T09:53:33+00:00","dateModified":"2024-02-06T03:50:02+00:00","breadcrumb":{"@id":"https:\/\/home.jointcreate.com.tescht.com\/deleted\/#breadcrumb"},"inLanguage":"fr-FR","potentialAction":[{"@type":"ReadAction","target":["https:\/\/home.jointcreate.com.tescht.com\/deleted\/"]}]},{"@type":"ImageObject","inLanguage":"fr-FR","@id":"https:\/\/home.jointcreate.com.tescht.com\/deleted\/#primaryimage","url":"https:\/\/jip-test.bbv-demo.ch\/wp-content\/uploads\/2022\/05\/Group-17756@3x.png","contentUrl":"https:\/\/jip-test.bbv-demo.ch\/wp-content\/uploads\/2022\/05\/Group-17756@3x.png"},{"@type":"BreadcrumbList","@id":"https:\/\/home.jointcreate.com.tescht.com\/deleted\/#breadcrumb","itemListElement":[{"@type":"ListItem","position":1,"name":"Home","item":"https:\/\/home.jointcreate.com.tescht.com\/en_us\/"},{"@type":"ListItem","position":2,"name":"Deleted"}]},{"@type":"WebSite","@id":"https:\/\/home.jointcreate.com.tescht.com\/fr_ch\/#website","url":"https:\/\/home.jointcreate.com.tescht.com\/fr_ch\/","name":"jointcreate.com","description":"Welcome to the Digital Innovation Park - Create Partnerships and Successful Ventures!","publisher":{"@id":"https:\/\/home.jointcreate.com.tescht.com\/fr_ch\/#organization"},"potentialAction":[{"@type":"SearchAction","target":{"@type":"EntryPoint","urlTemplate":"https:\/\/home.jointcreate.com.tescht.com\/fr_ch\/?s={search_term_string}"},"query-input":"required name=search_term_string"}],"inLanguage":"fr-FR"},{"@type":"Organization","@id":"https:\/\/home.jointcreate.com.tescht.com\/fr_ch\/#organization","name":"jointcreate.com","url":"https:\/\/home.jointcreate.com.tescht.com\/fr_ch\/","logo":{"@type":"ImageObject","inLanguage":"fr-FR","@id":"https:\/\/home.jointcreate.com.tescht.com\/fr_ch\/#\/schema\/logo\/image\/","url":"https:\/\/home.jointcreate.com.tescht.com\/wp-content\/uploads\/2023\/02\/logo_rectangle-300x83-1.png","contentUrl":"https:\/\/home.jointcreate.com.tescht.com\/wp-content\/uploads\/2023\/02\/logo_rectangle-300x83-1.png","width":300,"height":83,"caption":"jointcreate.com"},"image":{"@id":"https:\/\/home.jointcreate.com.tescht.com\/fr_ch\/#\/schema\/logo\/image\/"}}]}},"_links":{"self":[{"href":"https:\/\/home.jointcreate.com.tescht.com\/fr_ch\/wp-json\/wp\/v2\/pages\/1747"}],"collection":[{"href":"https:\/\/home.jointcreate.com.tescht.com\/fr_ch\/wp-json\/wp\/v2\/pages"}],"about":[{"href":"https:\/\/home.jointcreate.com.tescht.com\/fr_ch\/wp-json\/wp\/v2\/types\/page"}],"author":[{"embeddable":true,"href":"https:\/\/home.jointcreate.com.tescht.com\/fr_ch\/wp-json\/wp\/v2\/users\/2"}],"replies":[{"embeddable":true,"href":"https:\/\/home.jointcreate.com.tescht.com\/fr_ch\/wp-json\/wp\/v2\/comments?post=1747"}],"version-history":[{"count":18,"href":"https:\/\/home.jointcreate.com.tescht.com\/fr_ch\/wp-json\/wp\/v2\/pages\/1747\/revisions"}],"predecessor-version":[{"id":3191,"href":"https:\/\/home.jointcreate.com.tescht.com\/fr_ch\/wp-json\/wp\/v2\/pages\/1747\/revisions\/3191"}],"wp:attachment":[{"href":"https:\/\/home.jointcreate.com.tescht.com\/fr_ch\/wp-json\/wp\/v2\/media?parent=1747"}],"curies":[{"name":"wp","href":"https:\/\/api.w.org\/{rel}","templated":true}]}}